{"id":3034,"date":"2020-12-28T16:39:34","date_gmt":"2020-12-28T14:39:34","guid":{"rendered":"https:\/\/svs.edu.eg\/new\/lycee\/?page_id=3034"},"modified":"2022-10-18T18:01:36","modified_gmt":"2022-10-18T16:01:36","slug":"liens-utiles","status":"publish","type":"page","link":"https:\/\/svs.edu.eg\/lycee\/?page_id=3034","title":{"rendered":""},"content":{"rendered":"\t\t<div data-elementor-type=\"wp-page\" data-elementor-id=\"3034\" class=\"elementor elementor-3034\" data-elementor-post-type=\"page\">\n\t\t\t\t\t\t\t\t\t<section class=\"elementor-section elementor-top-section elementor-element elementor-element-27dcfa4 elementor-section-stretched elementor-section-full_width elementor-section-height-min-height elementor-section-height-default elementor-section-items-middle\" data-id=\"27dcfa4\" data-element_type=\"section\" data-settings=\"{&quot;stretch_section&quot;:&quot;section-stretched&quot;}\">\n\t\t\t\t\t\t<div class=\"elementor-container elementor-column-gap-no\">\n\t\t\t\t\t<header class=\"elementor-column elementor-col-100 elementor-top-column elementor-element elementor-element-30e57ca\" data-id=\"30e57ca\" data-element_type=\"column\">\n\t\t\t<div class=\"elementor-widget-wrap elementor-element-populated\">\n\t\t\t\t\t\t\t\t<div class=\"elementor-element elementor-element-aeaf8d7 elementor-cta--skin-cover elementor-animated-content elementor-bg-transform elementor-bg-transform-zoom-in elementor-widget elementor-widget-call-to-action\" data-id=\"aeaf8d7\" data-element_type=\"widget\" data-widget_type=\"call-to-action.default\">\n\t\t\t\t<div class=\"elementor-widget-container\">\n\t\t\t\t\t<div class=\"elementor-cta\">\n\t\t\t\t\t<div class=\"elementor-cta__bg-wrapper\">\n\t\t\t\t<div class=\"elementor-cta__bg elementor-bg\" style=\"background-image: url(https:\/\/svs.edu.eg\/lycee\/wp-content\/uploads\/2022\/10\/Lines-utiles-1.jpg);\" role=\"img\" aria-label=\"Lines-utiles\"><\/div>\n\t\t\t\t<div class=\"elementor-cta__bg-overlay\"><\/div>\n\t\t\t<\/div>\n\t\t\t\t\t\t\t<div class=\"elementor-cta__content\">\n\t\t\t\t\n\t\t\t\t\t\t\t\t\t<h2 class=\"elementor-cta__title elementor-cta__content-item elementor-content-item elementor-animated-item--grow\">\n\t\t\t\t\t\t \t\t\t\t\t<\/h2>\n\t\t\t\t\n\t\t\t\t\n\t\t\t\t\t\t\t<\/div>\n\t\t\t\t\t\t<\/div>\n\t\t\t\t<\/div>\n\t\t\t\t<\/div>\n\t\t\t\t\t<\/div>\n\t\t<\/header>\n\t\t\t\t\t\t\t<\/div>\n\t\t<\/section>\n\t\t\t\t<section class=\"elementor-section elementor-top-section elementor-element elementor-element-3c17208 elementor-section-boxed elementor-section-height-default elementor-section-height-default\" data-id=\"3c17208\" data-element_type=\"section\">\n\t\t\t\t\t\t<div class=\"elementor-container elementor-column-gap-default\">\n\t\t\t\t\t<div class=\"elementor-column elementor-col-100 elementor-top-column elementor-element elementor-element-2f5ee1d\" data-id=\"2f5ee1d\" data-element_type=\"column\">\n\t\t\t<div class=\"elementor-widget-wrap elementor-element-populated\">\n\t\t\t\t\t\t\t\t<div class=\"elementor-element elementor-element-156ad40 elementor-widget elementor-widget-text-editor\" data-id=\"156ad40\" data-element_type=\"widget\" data-widget_type=\"text-editor.default\">\n\t\t\t\t<div class=\"elementor-widget-container\">\n\t\t\t\t\t\t\t<p><span style=\"font-family: Arial, Helvetica, sans-serif; font-size: 18pt; color: #808080;\">\u00a0<\/span><\/p><p><span style=\"font-family: Arial, Helvetica, sans-serif; font-size: 18pt; color: #808080;\">Les sites internet ci-dessous font partie des associations ou institutions li\u00e9es \u00e0 la communaut\u00e9 du lyc\u00e9e Voltaire. Nous avons \u00e9galement indiqu\u00e9 les principales ressources p\u00e9dagogiques en ligne ainsi que les outils utilis\u00e9s par nos \u00e9quipes enseignantes du premier et du second degr\u00e9.<\/span><\/p>\t\t\t\t\t\t<\/div>\n\t\t\t\t<\/div>\n\t\t\t\t\t<\/div>\n\t\t<\/div>\n\t\t\t\t\t\t\t<\/div>\n\t\t<\/section>\n\t\t\t\t<section class=\"elementor-section elementor-top-section elementor-element elementor-element-0b8b17c elementor-section-full_width elementor-section-height-default elementor-section-height-default\" data-id=\"0b8b17c\" data-element_type=\"section\">\n\t\t\t\t\t\t<div class=\"elementor-container elementor-column-gap-default\">\n\t\t\t\t\t<div class=\"elementor-column elementor-col-33 elementor-top-column elementor-element elementor-element-9e6f67a\" data-id=\"9e6f67a\" data-element_type=\"column\">\n\t\t\t<div class=\"elementor-widget-wrap elementor-element-populated\">\n\t\t\t\t\t\t\t\t<div class=\"elementor-element elementor-element-6ce3325 ekit-equal-height-disable elementor-widget elementor-widget-elementskit-image-box\" data-id=\"6ce3325\" data-element_type=\"widget\" data-widget_type=\"elementskit-image-box.default\">\n\t\t\t\t<div class=\"elementor-widget-container\">\n\t\t\t<div class=\"ekit-wid-con\" >\n            <div class=\"elementskit-info-image-box ekit-image-box text-center simple-card\" >\n\n                \n                <div class=\"elementskit-box-header image-box-img-center\">\n\n                    <img decoding=\"async\" width=\"307\" height=\"256\" src=\"https:\/\/svs.edu.eg\/lycee\/wp-content\/uploads\/2022\/10\/aefe-new.jpg\" class=\"attachment-full size-full wp-image-17770\" alt=\"\" loading=\"lazy\" \/>\n                <\/div>\n                \n                <div class=\"elementskit-box-body ekit-image-box-body\">\n                    <div class=\"elementskit-box-content ekit-image-box-body-inner\">\n                                                <h3 class=\"elementskit-info-box-title\">\n\n                        AEFE\n                        \n                    <\/h3>\n                                                            <div class=\"elementskit-box-style-content\">\n                        L'AEFE est l'op\u00e9rateur public fran\u00e7ais qui, sous la tutelle du ministre de l'Europe et des Affaires \u00e9trang\u00e8res, coordonne le r\u00e9seau des \u00e9tablissements d\u2019enseignement fran\u00e7ais \u00e0 l\u2019\u00e9tranger, commun\u00e9ment appel\u00e9s  \u00ab lyc\u00e9es fran\u00e7ais \u00bb.                    <\/div>\n                                    <\/div>\n\n                                <div class=\"elementskit-box-footer\">\n                    <div class=\"box-footer\">\n                        <div class=\"btn-wraper\">\n                                                            <a href=\"https:\/\/www.aefe.fr\/\" class=\"elementskit-btn whitespace--normal\">\n                                    \n                                    \n                                    Visite                                <\/a>\n                                                        <\/div>\n                    <\/div>\n                <\/div>\n                            <\/div>\n            <\/div>\n    <\/div>\t\t<\/div>\n\t\t\t\t<\/div>\n\t\t\t\t\t<\/div>\n\t\t<\/div>\n\t\t\t\t<div class=\"elementor-column elementor-col-33 elementor-top-column elementor-element elementor-element-200d884\" data-id=\"200d884\" data-element_type=\"column\">\n\t\t\t<div class=\"elementor-widget-wrap elementor-element-populated\">\n\t\t\t\t\t\t\t\t<div class=\"elementor-element elementor-element-c228676 ekit-equal-height-disable elementor-widget elementor-widget-elementskit-image-box\" data-id=\"c228676\" data-element_type=\"widget\" data-widget_type=\"elementskit-image-box.default\">\n\t\t\t\t<div class=\"elementor-widget-container\">\n\t\t\t<div class=\"ekit-wid-con\" >\n            <div class=\"elementskit-info-image-box ekit-image-box text-center simple-card\" >\n\n                \n                <div class=\"elementskit-box-header image-box-img-center\">\n\n                    <img decoding=\"async\" width=\"523\" height=\"256\" src=\"https:\/\/svs.edu.eg\/lycee\/wp-content\/uploads\/2022\/10\/Double-logo-2.jpg\" class=\"attachment-full size-full wp-image-17440\" alt=\"\" loading=\"lazy\" \/>\n                <\/div>\n                \n                <div class=\"elementskit-box-body ekit-image-box-body\">\n                    <div class=\"elementskit-box-content ekit-image-box-body-inner\">\n                                                <h3 class=\"elementskit-info-box-title\">\n\n                        L'Institut fran\u00e7ais du Caire\n                        \n                    <\/h3>\n                                                            <div class=\"elementskit-box-style-content\">\n                        L'Institut fran\u00e7ais du Caire est l'un des partenaires culturels du lyc\u00e9e. Nous travaillons \u00e9troitement avec les services de coop\u00e9ration et d'action culturelle bas\u00e9s \u00e0 l'IFE.                    <\/div>\n                                    <\/div>\n\n                                <div class=\"elementskit-box-footer\">\n                    <div class=\"box-footer\">\n                        <div class=\"btn-wraper\">\n                                                            <a href=\"http:\/\/institutfrancais-egypte.com\/fr\/accueil\/\" class=\"elementskit-btn whitespace--normal\">\n                                    \n                                    \n                                    Visite                                <\/a>\n                                                        <\/div>\n                    <\/div>\n                <\/div>\n                            <\/div>\n            <\/div>\n    <\/div>\t\t<\/div>\n\t\t\t\t<\/div>\n\t\t\t\t\t<\/div>\n\t\t<\/div>\n\t\t\t\t<div class=\"elementor-column elementor-col-33 elementor-top-column elementor-element elementor-element-76dc717\" data-id=\"76dc717\" data-element_type=\"column\">\n\t\t\t<div class=\"elementor-widget-wrap elementor-element-populated\">\n\t\t\t\t\t\t\t\t<div class=\"elementor-element elementor-element-86a92da ekit-equal-height-disable elementor-widget elementor-widget-elementskit-image-box\" data-id=\"86a92da\" data-element_type=\"widget\" data-widget_type=\"elementskit-image-box.default\">\n\t\t\t\t<div class=\"elementor-widget-container\">\n\t\t\t<div class=\"ekit-wid-con\" >\n            <div class=\"elementskit-info-image-box ekit-image-box text-center simple-card\" >\n\n                \n                <div class=\"elementskit-box-header image-box-img-center\">\n\n                    <img decoding=\"async\" width=\"397\" height=\"243\" src=\"https:\/\/svs.edu.eg\/lycee\/wp-content\/uploads\/2022\/10\/eduscol-site-5.jpg\" class=\"attachment-full size-full wp-image-17791\" alt=\"\" loading=\"lazy\" \/>\n                <\/div>\n                \n                <div class=\"elementskit-box-body ekit-image-box-body\">\n                    <div class=\"elementskit-box-content ekit-image-box-body-inner\">\n                                                <h3 class=\"elementskit-info-box-title\">\n\n                        Eduscol\n                        \n                    <\/h3>\n                                                            <div class=\"elementskit-box-style-content\">\n                        Eduscol, le site du Minist\u00e8re de l\u2019\u00c9ducation Nationale qui r\u00e9git le programme \u00e9ducatif fran\u00e7ais propose un document PDF complet \u00e0 l\u2019attention des parents sur l\u2019enseignement en France et dans d\u2019autres pays. Un tableau d\u00e9taill\u00e9 retra\u00e7ant la structure du syst\u00e8me fran\u00e7ais est \u00e9galement inclus et peut aider \u00e0 mieux comprendre le fonctionnement du Lyc\u00e9e.                    <\/div>\n                                    <\/div>\n\n                                <div class=\"elementskit-box-footer\">\n                    <div class=\"box-footer\">\n                        <div class=\"btn-wraper\">\n                                                            <a href=\"https:\/\/eduscol.education.fr\/\" class=\"elementskit-btn whitespace--normal\">\n                                    \n                                    \n                                    Visite                                <\/a>\n                                                        <\/div>\n                    <\/div>\n                <\/div>\n                            <\/div>\n            <\/div>\n    <\/div>\t\t<\/div>\n\t\t\t\t<\/div>\n\t\t\t\t\t<\/div>\n\t\t<\/div>\n\t\t\t\t\t\t\t<\/div>\n\t\t<\/section>\n\t\t\t\t<section class=\"elementor-section elementor-top-section elementor-element elementor-element-cb35542 elementor-section-full_width elementor-section-height-default elementor-section-height-default\" data-id=\"cb35542\" data-element_type=\"section\">\n\t\t\t\t\t\t<div class=\"elementor-container elementor-column-gap-default\">\n\t\t\t\t\t<div class=\"elementor-column elementor-col-33 elementor-top-column elementor-element elementor-element-93a9cf0\" data-id=\"93a9cf0\" data-element_type=\"column\">\n\t\t\t<div class=\"elementor-widget-wrap elementor-element-populated\">\n\t\t\t\t\t\t\t\t<div class=\"elementor-element elementor-element-cdc0686 ekit-equal-height-disable elementor-widget elementor-widget-elementskit-image-box\" data-id=\"cdc0686\" data-element_type=\"widget\" data-widget_type=\"elementskit-image-box.default\">\n\t\t\t\t<div class=\"elementor-widget-container\">\n\t\t\t<div class=\"ekit-wid-con\" >\n            <div class=\"elementskit-info-image-box ekit-image-box text-center simple-card\" >\n\n                \n                <div class=\"elementskit-box-header image-box-img-center\">\n\n                    <img decoding=\"async\" width=\"523\" height=\"256\" src=\"https:\/\/svs.edu.eg\/lycee\/wp-content\/uploads\/2022\/10\/Egypt-digital-services-website-2-1.jpg\" class=\"attachment-full size-full wp-image-17441\" alt=\"\" loading=\"lazy\" \/>\n                <\/div>\n                \n                <div class=\"elementskit-box-body ekit-image-box-body\">\n                    <div class=\"elementskit-box-content ekit-image-box-body-inner\">\n                                                <h3 class=\"elementskit-info-box-title\">\n\n                        Department of Civil Affairs\n                        \n                    <\/h3>\n                                                            <div class=\"elementskit-box-style-content\">\n                        What is Digital Egypt?\n\nDigital Egypt consists of a digital platform to facilitate access to government services for Egyptian citizens. It is used by creating a free account on Digital Egypt, as well as some other services, and you can find out the fees for any service that is not free by clicking on the \u201cTerms and Conditions\u201d at the beginning of each service, bearing in mind that fees may vary from one service to another.                    <\/div>\n                                    <\/div>\n\n                                <div class=\"elementskit-box-footer\">\n                    <div class=\"box-footer\">\n                        <div class=\"btn-wraper\">\n                                                            <a href=\"https:\/\/digital.gov.eg\" class=\"elementskit-btn whitespace--normal\">\n                                    \n                                    \n                                    Visite                                <\/a>\n                                                        <\/div>\n                    <\/div>\n                <\/div>\n                            <\/div>\n            <\/div>\n    <\/div>\t\t<\/div>\n\t\t\t\t<\/div>\n\t\t\t\t\t<\/div>\n\t\t<\/div>\n\t\t\t\t<div class=\"elementor-column elementor-col-33 elementor-top-column elementor-element elementor-element-b59b0eb\" data-id=\"b59b0eb\" data-element_type=\"column\">\n\t\t\t<div class=\"elementor-widget-wrap elementor-element-populated\">\n\t\t\t\t\t\t\t\t<div class=\"elementor-element elementor-element-41e40e2 ekit-equal-height-disable elementor-widget elementor-widget-elementskit-image-box\" data-id=\"41e40e2\" data-element_type=\"widget\" data-widget_type=\"elementskit-image-box.default\">\n\t\t\t\t<div class=\"elementor-widget-container\">\n\t\t\t<div class=\"ekit-wid-con\" >\n            <div class=\"elementskit-info-image-box ekit-image-box text-center simple-card\" >\n\n                \n                <div class=\"elementskit-box-header image-box-img-center\">\n\n                    <img decoding=\"async\" width=\"523\" height=\"256\" src=\"https:\/\/svs.edu.eg\/lycee\/wp-content\/uploads\/2022\/10\/TLScontact_Logo.jpg\" class=\"attachment-full size-full wp-image-17782\" alt=\"\" loading=\"lazy\" \/>\n                <\/div>\n                \n                <div class=\"elementskit-box-body ekit-image-box-body\">\n                    <div class=\"elementskit-box-content ekit-image-box-body-inner\">\n                                                <h3 class=\"elementskit-info-box-title\">\n\n                        TLScontact \u2013 Visa Application Centre Cairo\n                        \n                    <\/h3>\n                                                            <div class=\"elementskit-box-style-content\">\n                        TLScontact manages visa and consular services for government clients around the world. They concentrate on providing the administrative aspects of the visa process via a global network of Visa Application Centres, allowing the government clients to focus on their core decision-making role.                      <\/div>\n                                    <\/div>\n\n                                <div class=\"elementskit-box-footer\">\n                    <div class=\"box-footer\">\n                        <div class=\"btn-wraper\">\n                                                            <a href=\"https:\/\/www.tlscontact.com\/en\/\" class=\"elementskit-btn whitespace--normal\">\n                                    \n                                    \n                                    Visite                                <\/a>\n                                                        <\/div>\n                    <\/div>\n                <\/div>\n                            <\/div>\n            <\/div>\n    <\/div>\t\t<\/div>\n\t\t\t\t<\/div>\n\t\t\t\t\t<\/div>\n\t\t<\/div>\n\t\t\t\t<div class=\"elementor-column elementor-col-33 elementor-top-column elementor-element elementor-element-a7059be\" data-id=\"a7059be\" data-element_type=\"column\">\n\t\t\t<div class=\"elementor-widget-wrap\">\n\t\t\t\t\t\t\t\t\t<\/div>\n\t\t<\/div>\n\t\t\t\t\t\t\t<\/div>\n\t\t<\/section>\n\t\t\t\t\t\t\t<\/div>\n\t\t","protected":false},"excerpt":{"rendered":"<p>\u00a0 Les sites internet ci-dessous font partie des associations ou institutions li\u00e9es \u00e0 la communaut\u00e9 du lyc\u00e9e Voltaire. Nous avons \u00e9galement indiqu\u00e9 les principales ressources p\u00e9dagogiques en ligne ainsi que [&hellip;]<\/p>\n","protected":false},"author":5,"featured_media":0,"parent":0,"menu_order":0,"comment_status":"closed","ping_status":"closed","template":"","meta":{"om_disable_all_campaigns":false,"_mi_skip_tracking":false,"_monsterinsights_sitenote_active":false,"_monsterinsights_sitenote_note":"","_monsterinsights_sitenote_category":0},"aioseo_notices":[],"_links":{"self":[{"href":"https:\/\/svs.edu.eg\/lycee\/index.php?rest_route=\/wp\/v2\/pages\/3034"}],"collection":[{"href":"https:\/\/svs.edu.eg\/lycee\/index.php?rest_route=\/wp\/v2\/pages"}],"about":[{"href":"https:\/\/svs.edu.eg\/lycee\/index.php?rest_route=\/wp\/v2\/types\/page"}],"author":[{"embeddable":true,"href":"https:\/\/svs.edu.eg\/lycee\/index.php?rest_route=\/wp\/v2\/users\/5"}],"replies":[{"embeddable":true,"href":"https:\/\/svs.edu.eg\/lycee\/index.php?rest_route=%2Fwp%2Fv2%2Fcomments&post=3034"}],"version-history":[{"count":17,"href":"https:\/\/svs.edu.eg\/lycee\/index.php?rest_route=\/wp\/v2\/pages\/3034\/revisions"}],"predecessor-version":[{"id":18196,"href":"https:\/\/svs.edu.eg\/lycee\/index.php?rest_route=\/wp\/v2\/pages\/3034\/revisions\/18196"}],"wp:attachment":[{"href":"https:\/\/svs.edu.eg\/lycee\/index.php?rest_route=%2Fwp%2Fv2%2Fmedia&parent=3034"}],"curies":[{"name":"wp","href":"https:\/\/api.w.org\/{rel}","templated":true}]}}