{"id":17673,"date":"2022-10-11T17:43:55","date_gmt":"2022-10-11T15:43:55","guid":{"rendered":"https:\/\/svs.edu.eg\/new\/lycee\/?page_id=17673"},"modified":"2023-09-16T14:11:08","modified_gmt":"2023-09-16T12:11:08","slug":"la-cafetaria","status":"publish","type":"page","link":"https:\/\/svs.edu.eg\/lycee\/?page_id=17673","title":{"rendered":""},"content":{"rendered":"\t\t<div data-elementor-type=\"wp-page\" data-elementor-id=\"17673\" class=\"elementor elementor-17673\" data-elementor-post-type=\"page\">\n\t\t\t\t\t\t\t\t\t<section class=\"elementor-section elementor-top-section elementor-element elementor-element-58c2377 elementor-section-stretched elementor-section-full_width elementor-section-height-min-height elementor-section-height-default elementor-section-items-middle\" data-id=\"58c2377\" data-element_type=\"section\" data-settings=\"{&quot;stretch_section&quot;:&quot;section-stretched&quot;}\">\n\t\t\t\t\t\t<div class=\"elementor-container elementor-column-gap-no\">\n\t\t\t\t\t<header class=\"elementor-column elementor-col-100 elementor-top-column elementor-element elementor-element-e806150\" data-id=\"e806150\" data-element_type=\"column\">\n\t\t\t<div class=\"elementor-widget-wrap elementor-element-populated\">\n\t\t\t\t\t\t\t\t<div class=\"elementor-element elementor-element-fa607e9 elementor-cta--skin-cover elementor-animated-content elementor-bg-transform elementor-bg-transform-zoom-in elementor-widget elementor-widget-call-to-action\" data-id=\"fa607e9\" data-element_type=\"widget\" data-widget_type=\"call-to-action.default\">\n\t\t\t\t<div class=\"elementor-widget-container\">\n\t\t\t\t\t<div class=\"elementor-cta\">\n\t\t\t\t\t<div class=\"elementor-cta__bg-wrapper\">\n\t\t\t\t<div class=\"elementor-cta__bg elementor-bg\" style=\"background-image: url(https:\/\/svs.edu.eg\/lycee\/wp-content\/uploads\/2022\/10\/Screen-Shot-2022-09-18-at-1.31.18-PM.png);\" role=\"img\" aria-label=\"Screen Shot 2022-09-18 at 1.31.18 PM\"><\/div>\n\t\t\t\t<div class=\"elementor-cta__bg-overlay\"><\/div>\n\t\t\t<\/div>\n\t\t\t\t\t\t\t<div class=\"elementor-cta__content\">\n\t\t\t\t\n\t\t\t\t\t\t\t\t\t<h2 class=\"elementor-cta__title elementor-cta__content-item elementor-content-item elementor-animated-item--grow\">\n\t\t\t\t\t\tCAF\u00c9TARIA\t\t\t\t\t<\/h2>\n\t\t\t\t\n\t\t\t\t\n\t\t\t\t\t\t\t<\/div>\n\t\t\t\t\t\t<\/div>\n\t\t\t\t<\/div>\n\t\t\t\t<\/div>\n\t\t\t\t\t<\/div>\n\t\t<\/header>\n\t\t\t\t\t\t\t<\/div>\n\t\t<\/section>\n\t\t\t\t<section class=\"elementor-section elementor-top-section elementor-element elementor-element-2e2e202 elementor-section-boxed elementor-section-height-default elementor-section-height-default\" data-id=\"2e2e202\" data-element_type=\"section\">\n\t\t\t\t\t\t<div class=\"elementor-container elementor-column-gap-default\">\n\t\t\t\t\t<div class=\"elementor-column elementor-col-100 elementor-top-column elementor-element elementor-element-775ea6f\" data-id=\"775ea6f\" data-element_type=\"column\">\n\t\t\t<div class=\"elementor-widget-wrap elementor-element-populated\">\n\t\t\t\t\t\t\t\t<div class=\"elementor-element elementor-element-f4b35f5 elementor-widget elementor-widget-text-editor\" data-id=\"f4b35f5\" data-element_type=\"widget\" data-widget_type=\"text-editor.default\">\n\t\t\t\t<div class=\"elementor-widget-container\">\n\t\t\t\t\t\t\t<p>\u00a0<\/p><p><span style=\"font-family: Arial, Helvetica, sans-serif; font-size: 18pt; color: #808080;\">Une caf\u00e9taria est ouverte tous les jours durant les horaires de cours offrant divers snacks et boissons aux \u00e9l\u00e8ves et personnels.<\/span><\/p>\t\t\t\t\t\t<\/div>\n\t\t\t\t<\/div>\n\t\t\t\t\t<\/div>\n\t\t<\/div>\n\t\t\t\t\t\t\t<\/div>\n\t\t<\/section>\n\t\t\t\t<section class=\"elementor-section elementor-top-section elementor-element elementor-element-815f795 elementor-section-boxed elementor-section-height-default elementor-section-height-default\" data-id=\"815f795\" data-element_type=\"section\">\n\t\t\t\t\t\t<div class=\"elementor-container elementor-column-gap-default\">\n\t\t\t\t\t<div class=\"elementor-column elementor-col-100 elementor-top-column elementor-element elementor-element-e4939c2\" data-id=\"e4939c2\" data-element_type=\"column\">\n\t\t\t<div class=\"elementor-widget-wrap elementor-element-populated\">\n\t\t\t\t\t\t\t\t<div class=\"elementor-element elementor-element-e77f93f elementor-widget elementor-widget-image\" data-id=\"e77f93f\" data-element_type=\"widget\" data-widget_type=\"image.default\">\n\t\t\t\t<div class=\"elementor-widget-container\">\n\t\t\t\t\t\t\t\t\t\t\t\t\t\t\t\t<a href=\"https:\/\/svs.edu.eg\/lycee\/wp-content\/uploads\/2023\/09\/SVS-Menu_page-0001-scaled.jpg\" data-elementor-open-lightbox=\"yes\" data-elementor-lightbox-title=\"SVS Menu_page-0001\" data-e-action-hash=\"#elementor-action%3Aaction%3Dlightbox%26settings%3DeyJpZCI6MTk2MDMsInVybCI6Imh0dHBzOlwvXC9zdnMuZWR1LmVnXC9seWNlZVwvd3AtY29udGVudFwvdXBsb2Fkc1wvMjAyM1wvMDlcL1NWUy1NZW51X3BhZ2UtMDAwMS1zY2FsZWQuanBnIn0%3D\">\n\t\t\t\t\t\t\t<img decoding=\"async\" width=\"724\" height=\"1024\" src=\"https:\/\/svs.edu.eg\/lycee\/wp-content\/uploads\/2023\/09\/SVS-Menu_page-0001-724x1024.jpg\" class=\"attachment-large size-large wp-image-19603\" alt=\"\" loading=\"lazy\" srcset=\"https:\/\/svs.edu.eg\/lycee\/wp-content\/uploads\/2023\/09\/SVS-Menu_page-0001-724x1024.jpg 724w, https:\/\/svs.edu.eg\/lycee\/wp-content\/uploads\/2023\/09\/SVS-Menu_page-0001-212x300.jpg 212w, https:\/\/svs.edu.eg\/lycee\/wp-content\/uploads\/2023\/09\/SVS-Menu_page-0001-768x1086.jpg 768w, https:\/\/svs.edu.eg\/lycee\/wp-content\/uploads\/2023\/09\/SVS-Menu_page-0001-1086x1536.jpg 1086w, https:\/\/svs.edu.eg\/lycee\/wp-content\/uploads\/2023\/09\/SVS-Menu_page-0001-1448x2048.jpg 1448w, https:\/\/svs.edu.eg\/lycee\/wp-content\/uploads\/2023\/09\/SVS-Menu_page-0001-700x990.jpg 700w, https:\/\/svs.edu.eg\/lycee\/wp-content\/uploads\/2023\/09\/SVS-Menu_page-0001-scaled.jpg 1810w\" sizes=\"(max-width: 724px) 100vw, 724px\" \/>\t\t\t\t\t\t\t\t<\/a>\n\t\t\t\t\t\t\t\t\t\t\t\t\t\t\t<\/div>\n\t\t\t\t<\/div>\n\t\t\t\t\t<\/div>\n\t\t<\/div>\n\t\t\t\t\t\t\t<\/div>\n\t\t<\/section>\n\t\t\t\t\t\t\t<\/div>\n\t\t","protected":false},"excerpt":{"rendered":"<p>CAF\u00c9TARIA \u00a0 Une caf\u00e9taria est ouverte tous les jours durant les horaires de cours offrant divers snacks et boissons aux \u00e9l\u00e8ves et personnels.<\/p>\n","protected":false},"author":3,"featured_media":0,"parent":0,"menu_order":0,"comment_status":"closed","ping_status":"closed","template":"","meta":{"om_disable_all_campaigns":false,"_mi_skip_tracking":false,"_monsterinsights_sitenote_active":false,"_monsterinsights_sitenote_note":"","_monsterinsights_sitenote_category":0},"aioseo_notices":[],"_links":{"self":[{"href":"https:\/\/svs.edu.eg\/lycee\/index.php?rest_route=\/wp\/v2\/pages\/17673"}],"collection":[{"href":"https:\/\/svs.edu.eg\/lycee\/index.php?rest_route=\/wp\/v2\/pages"}],"about":[{"href":"https:\/\/svs.edu.eg\/lycee\/index.php?rest_route=\/wp\/v2\/types\/page"}],"author":[{"embeddable":true,"href":"https:\/\/svs.edu.eg\/lycee\/index.php?rest_route=\/wp\/v2\/users\/3"}],"replies":[{"embeddable":true,"href":"https:\/\/svs.edu.eg\/lycee\/index.php?rest_route=%2Fwp%2Fv2%2Fcomments&post=17673"}],"version-history":[{"count":44,"href":"https:\/\/svs.edu.eg\/lycee\/index.php?rest_route=\/wp\/v2\/pages\/17673\/revisions"}],"predecessor-version":[{"id":19606,"href":"https:\/\/svs.edu.eg\/lycee\/index.php?rest_route=\/wp\/v2\/pages\/17673\/revisions\/19606"}],"wp:attachment":[{"href":"https:\/\/svs.edu.eg\/lycee\/index.php?rest_route=%2Fwp%2Fv2%2Fmedia&parent=17673"}],"curies":[{"name":"wp","href":"https:\/\/api.w.org\/{rel}","templated":true}]}}