{"id":116,"date":"2019-08-28T21:19:16","date_gmt":"2019-08-28T21:19:16","guid":{"rendered":"https:\/\/svs.edu.eg\/new\/lycee\/?page_id=116"},"modified":"2024-03-04T12:25:42","modified_gmt":"2024-03-04T10:25:42","slug":"primaire","status":"publish","type":"page","link":"https:\/\/svs.edu.eg\/lycee\/?page_id=116","title":{"rendered":""},"content":{"rendered":"\t\t<div data-elementor-type=\"wp-page\" data-elementor-id=\"116\" class=\"elementor elementor-116\" data-elementor-post-type=\"page\">\n\t\t\t\t\t\t\t\t\t<section class=\"elementor-section elementor-top-section elementor-element elementor-element-2455a60 elementor-section-full_width elementor-section-height-min-height elementor-section-stretched elementor-section-height-default elementor-section-items-middle\" data-id=\"2455a60\" data-element_type=\"section\" data-settings=\"{&quot;background_background&quot;:&quot;classic&quot;,&quot;background_motion_fx_opacity_effect&quot;:&quot;yes&quot;,&quot;background_motion_fx_opacity_range&quot;:{&quot;unit&quot;:&quot;%&quot;,&quot;size&quot;:&quot;&quot;,&quot;sizes&quot;:{&quot;start&quot;:&quot;51&quot;,&quot;end&quot;:&quot;76&quot;}},&quot;background_motion_fx_motion_fx_scrolling&quot;:&quot;yes&quot;,&quot;background_motion_fx_opacity_direction&quot;:&quot;in-out&quot;,&quot;stretch_section&quot;:&quot;section-stretched&quot;,&quot;background_motion_fx_opacity_level&quot;:{&quot;unit&quot;:&quot;px&quot;,&quot;size&quot;:10,&quot;sizes&quot;:[]},&quot;background_motion_fx_devices&quot;:[&quot;desktop&quot;,&quot;tablet&quot;,&quot;mobile&quot;]}\">\n\t\t\t\t\t\t\t<div class=\"elementor-background-overlay\"><\/div>\n\t\t\t\t\t\t\t<div class=\"elementor-container elementor-column-gap-default\">\n\t\t\t\t\t<div class=\"elementor-column elementor-col-100 elementor-top-column elementor-element elementor-element-d888313\" data-id=\"d888313\" data-element_type=\"column\">\n\t\t\t<div class=\"elementor-widget-wrap elementor-element-populated\">\n\t\t\t\t\t\t\t\t<div class=\"elementor-element elementor-element-9e6800c elementor-widget elementor-widget-heading\" data-id=\"9e6800c\" data-element_type=\"widget\" data-widget_type=\"heading.default\">\n\t\t\t\t<div class=\"elementor-widget-container\">\n\t\t\t<h1 class=\"elementor-heading-title elementor-size-default\">\u00c9COLE PRIMAIRE<\/h1>\t\t<\/div>\n\t\t\t\t<\/div>\n\t\t\t\t<div class=\"elementor-element elementor-element-1ff2c2b elementor-align-center elementor-widget__width-auto elementor-fixed elementor-widget-tablet__width-initial elementor-hidden-phone elementor-icon-list--layout-traditional elementor-list-item-link-full_width elementor-widget elementor-widget-icon-list\" data-id=\"1ff2c2b\" data-element_type=\"widget\" data-settings=\"{&quot;_position&quot;:&quot;fixed&quot;}\" data-widget_type=\"icon-list.default\">\n\t\t\t\t<div class=\"elementor-widget-container\">\n\t\t\t\t\t<ul class=\"elementor-icon-list-items\">\n\t\t\t\t\t\t\t<li class=\"elementor-icon-list-item\">\n\t\t\t\t\t\t\t\t\t\t\t<a href=\"#info\">\n\n\t\t\t\t\t\t\t\t\t\t\t\t<span class=\"elementor-icon-list-icon\">\n\t\t\t\t\t\t\t<i aria-hidden=\"true\" class=\"fas fa-info\"><\/i>\t\t\t\t\t\t<\/span>\n\t\t\t\t\t\t\t\t\t\t<span class=\"elementor-icon-list-text\"><\/span>\n\t\t\t\t\t\t\t\t\t\t\t<\/a>\n\t\t\t\t\t\t\t\t\t<\/li>\n\t\t\t\t\t\t\t\t<li class=\"elementor-icon-list-item\">\n\t\t\t\t\t\t\t\t\t\t\t<a href=\"#partners\">\n\n\t\t\t\t\t\t\t\t\t\t\t\t<span class=\"elementor-icon-list-icon\">\n\t\t\t\t\t\t\t<i aria-hidden=\"true\" class=\"fas fa-user-tie\"><\/i>\t\t\t\t\t\t<\/span>\n\t\t\t\t\t\t\t\t\t\t<span class=\"elementor-icon-list-text\"><\/span>\n\t\t\t\t\t\t\t\t\t\t\t<\/a>\n\t\t\t\t\t\t\t\t\t<\/li>\n\t\t\t\t\t\t\t\t<li class=\"elementor-icon-list-item\">\n\t\t\t\t\t\t\t\t\t\t\t<a href=\"#testimonials\">\n\n\t\t\t\t\t\t\t\t\t\t\t\t<span class=\"elementor-icon-list-icon\">\n\t\t\t\t\t\t\t<i aria-hidden=\"true\" class=\"fas fa-quote-right\"><\/i>\t\t\t\t\t\t<\/span>\n\t\t\t\t\t\t\t\t\t\t<span class=\"elementor-icon-list-text\"><\/span>\n\t\t\t\t\t\t\t\t\t\t\t<\/a>\n\t\t\t\t\t\t\t\t\t<\/li>\n\t\t\t\t\t\t\t\t<li class=\"elementor-icon-list-item\">\n\t\t\t\t\t\t\t\t\t\t\t<a href=\"#blog\">\n\n\t\t\t\t\t\t\t\t\t\t\t\t<span class=\"elementor-icon-list-icon\">\n\t\t\t\t\t\t\t<i aria-hidden=\"true\" class=\"fas fa-comments\"><\/i>\t\t\t\t\t\t<\/span>\n\t\t\t\t\t\t\t\t\t\t<span class=\"elementor-icon-list-text\"><\/span>\n\t\t\t\t\t\t\t\t\t\t\t<\/a>\n\t\t\t\t\t\t\t\t\t<\/li>\n\t\t\t\t\t\t<\/ul>\n\t\t\t\t<\/div>\n\t\t\t\t<\/div>\n\t\t\t\t\t<\/div>\n\t\t<\/div>\n\t\t\t\t\t\t\t<\/div>\n\t\t<\/section>\n\t\t\t\t<section class=\"elementor-section elementor-top-section elementor-element elementor-element-d03f414 elementor-section-full_width elementor-section-stretched elementor-section-height-default elementor-section-height-default\" data-id=\"d03f414\" data-element_type=\"section\" data-settings=\"{&quot;stretch_section&quot;:&quot;section-stretched&quot;}\">\n\t\t\t\t\t\t<div class=\"elementor-container elementor-column-gap-default\">\n\t\t\t\t\t<div class=\"elementor-column elementor-col-100 elementor-top-column elementor-element elementor-element-47d8ff9\" data-id=\"47d8ff9\" data-element_type=\"column\" data-settings=\"{&quot;background_background&quot;:&quot;classic&quot;}\">\n\t\t\t<div class=\"elementor-widget-wrap elementor-element-populated\">\n\t\t\t\t\t\t\t\t<div class=\"elementor-element elementor-element-f512b8c elementor-absolute elementor-widget elementor-widget-image\" data-id=\"f512b8c\" data-element_type=\"widget\" data-settings=\"{&quot;_position&quot;:&quot;absolute&quot;}\" data-widget_type=\"image.default\">\n\t\t\t\t<div class=\"elementor-widget-container\">\n\t\t\t\t\t\t\t\t\t\t\t\t\t\t\t<img decoding=\"async\" width=\"1024\" height=\"576\" src=\"https:\/\/svs.edu.eg\/lycee\/wp-content\/uploads\/2024\/02\/Blue-Design-1-1024x576.png\" class=\"attachment-large size-large wp-image-19880\" alt=\"\" loading=\"lazy\" srcset=\"https:\/\/svs.edu.eg\/lycee\/wp-content\/uploads\/2024\/02\/Blue-Design-1-1024x576.png 1024w, https:\/\/svs.edu.eg\/lycee\/wp-content\/uploads\/2024\/02\/Blue-Design-1-300x169.png 300w, https:\/\/svs.edu.eg\/lycee\/wp-content\/uploads\/2024\/02\/Blue-Design-1-768x432.png 768w, https:\/\/svs.edu.eg\/lycee\/wp-content\/uploads\/2024\/02\/Blue-Design-1-1536x864.png 1536w, https:\/\/svs.edu.eg\/lycee\/wp-content\/uploads\/2024\/02\/Blue-Design-1-700x394.png 700w, https:\/\/svs.edu.eg\/lycee\/wp-content\/uploads\/2024\/02\/Blue-Design-1.png 1920w\" sizes=\"(max-width: 1024px) 100vw, 1024px\" \/>\t\t\t\t\t\t\t\t\t\t\t\t\t\t\t<\/div>\n\t\t\t\t<\/div>\n\t\t\t\t<div class=\"elementor-element elementor-element-58f3a1d elementor-absolute e-transform elementor-widget elementor-widget-image\" data-id=\"58f3a1d\" data-element_type=\"widget\" data-settings=\"{&quot;_position&quot;:&quot;absolute&quot;,&quot;_transform_flipX_effect&quot;:&quot;transform&quot;}\" data-widget_type=\"image.default\">\n\t\t\t\t<div class=\"elementor-widget-container\">\n\t\t\t\t\t\t\t\t\t\t\t\t\t\t\t<img decoding=\"async\" width=\"1024\" height=\"576\" src=\"https:\/\/svs.edu.eg\/lycee\/wp-content\/uploads\/2024\/02\/Orange-2-1024x576.png\" class=\"attachment-large size-large wp-image-19881\" alt=\"\" loading=\"lazy\" srcset=\"https:\/\/svs.edu.eg\/lycee\/wp-content\/uploads\/2024\/02\/Orange-2-1024x576.png 1024w, https:\/\/svs.edu.eg\/lycee\/wp-content\/uploads\/2024\/02\/Orange-2-300x169.png 300w, https:\/\/svs.edu.eg\/lycee\/wp-content\/uploads\/2024\/02\/Orange-2-768x432.png 768w, https:\/\/svs.edu.eg\/lycee\/wp-content\/uploads\/2024\/02\/Orange-2-1536x864.png 1536w, https:\/\/svs.edu.eg\/lycee\/wp-content\/uploads\/2024\/02\/Orange-2-700x394.png 700w, https:\/\/svs.edu.eg\/lycee\/wp-content\/uploads\/2024\/02\/Orange-2.png 1920w\" sizes=\"(max-width: 1024px) 100vw, 1024px\" \/>\t\t\t\t\t\t\t\t\t\t\t\t\t\t\t<\/div>\n\t\t\t\t<\/div>\n\t\t\t\t<section class=\"elementor-section elementor-inner-section elementor-element elementor-element-b815742 elementor-section-full_width elementor-section-height-min-height elementor-section-height-default\" data-id=\"b815742\" data-element_type=\"section\">\n\t\t\t\t\t\t<div class=\"elementor-container elementor-column-gap-default\">\n\t\t\t\t\t<div class=\"elementor-column elementor-col-100 elementor-inner-column elementor-element elementor-element-2f2be79\" data-id=\"2f2be79\" data-element_type=\"column\">\n\t\t\t<div class=\"elementor-widget-wrap elementor-element-populated\">\n\t\t\t\t\t\t\t\t<div class=\"elementor-element elementor-element-435db6f elementor-absolute elementor-widget elementor-widget-text-editor\" data-id=\"435db6f\" data-element_type=\"widget\" data-settings=\"{&quot;_position&quot;:&quot;absolute&quot;}\" data-widget_type=\"text-editor.default\">\n\t\t\t\t<div class=\"elementor-widget-container\">\n\t\t\t\t\t\t\t<p class=\"p2\"><span style=\"font-family: 'Montserrat thin', Helvetica, sans-serif; font-size: 29px;\">L\u2019\u00e9cole primaire Voltaire compte actuellement 10 classes de maternelle (de la PS \u00e0la GS) et 19 classes \u00e9l\u00e9mentaires (du CP au CM2).<\/span><\/p>\n<p class=\"p2\"><span style=\"font-family: Arial, Helvetica, sans-serif; font-size: 29px;\">Une coordinatrice maternelle et une coordinatrice \u00e9l\u00e9mentaire animent les\u00e9quipes de professeurs, sous la responsabilit\u00e9 du directeur.<\/span><\/p>\n<p class=\"p2\"><span style=\"font-family: Arial, Helvetica, sans-serif; font-size: 29px;\">Toutes les classes sont homologu\u00e9es par l\u2019AEFE et sont suivies r\u00e9guli\u00e8rement par l\u2019inspecteur et les conseill\u00e8res p\u00e9dagogiques de la zone.<\/span><\/p>\n<p class=\"p2\"><span style=\"font-family: Arial, Helvetica, sans-serif; font-size: 29px;\">Les classes ont un effectif moyen d\u2019une vingtaine d\u2019\u00e9l\u00e8ves. Elles sont toutes\u00e9quip\u00e9es d\u2019un tableau num\u00e9rique interactif et d\u2019ordinateurs.<\/span><\/p>\n<p class=\"p2\"><span style=\"font-family: Arial, Helvetica, sans-serif; font-size: 29px;\">La biblioth\u00e8que accueille les \u00e9l\u00e8ves de toutes les classes. Une enseignante estcharg\u00e9e de son animation.<\/span><\/p>\t\t\t\t\t\t<\/div>\n\t\t\t\t<\/div>\n\t\t\t\t\t<\/div>\n\t\t<\/div>\n\t\t\t\t\t\t\t<\/div>\n\t\t<\/section>\n\t\t\t\t\t<\/div>\n\t\t<\/div>\n\t\t\t\t\t\t\t<\/div>\n\t\t<\/section>\n\t\t\t\t<section class=\"elementor-section elementor-top-section elementor-element elementor-element-3c76160 elementor-section-height-full elementor-section-stretched elementor-section-boxed elementor-section-height-default elementor-section-items-middle\" data-id=\"3c76160\" data-element_type=\"section\" data-settings=\"{&quot;stretch_section&quot;:&quot;section-stretched&quot;,&quot;background_background&quot;:&quot;classic&quot;}\">\n\t\t\t\t\t\t<div class=\"elementor-container elementor-column-gap-default\">\n\t\t\t\t\t<div class=\"elementor-column elementor-col-100 elementor-top-column elementor-element elementor-element-c028bef\" data-id=\"c028bef\" data-element_type=\"column\">\n\t\t\t<div class=\"elementor-widget-wrap elementor-element-populated\">\n\t\t\t\t\t\t\t\t<div class=\"elementor-element elementor-element-1efeb1c elementor-widget elementor-widget-text-editor\" data-id=\"1efeb1c\" data-element_type=\"widget\" data-widget_type=\"text-editor.default\">\n\t\t\t\t<div class=\"elementor-widget-container\">\n\t\t\t\t\t\t\t<p class=\"p2\"><span style=\"font-family: 'Montserrat thin', Helvetica, sans-serif; font-size: 29px;\">Des sorties \u00e0 la journ\u00e9e sont r\u00e9guli\u00e8rement propos\u00e9es aux \u00e9l\u00e8ves afin qu\u2019ilsexplorent leur environnement et leur culture.<\/span><\/p>\n<p class=\"p2\"><span style=\"font-family: Arial, Helvetica, sans-serif; font-size: 29px;\">Des voyages scolaires, d\u2019une semaine, sont \u00e9galement organis\u00e9s pour les plusgrands: Marsa Alam, en mer Rouge pour les CM1, voyage en classe de neige pourles CM2.<\/span><\/p>\n<p class=\"p2\"><span style=\"font-family: Arial, Helvetica, sans-serif; font-size: 29px;\">Le projet p\u00e9dagogique est centr\u00e9 sur la ma\u00eetrise de la langue, le respect des uns etdes autres et la ma\u00eetrise des outils num\u00e9riques (de la maternelle au CM2).<\/span><\/p>\n<p class=\"p2\"><span style=\"font-family: Arial, Helvetica, sans-serif; font-size: 29px;\">La communication avec les parents est centr\u00e9e sur le cahier de vie num\u00e9rique, enmaternelle, et un journal d\u2019\u00e9cole en \u00e9l\u00e9mentaire.<\/span><\/p>\n\t\t\t\t\t\t<\/div>\n\t\t\t\t<\/div>\n\t\t\t\t\t<\/div>\n\t\t<\/div>\n\t\t\t\t\t\t\t<\/div>\n\t\t<\/section>\n\t\t\t\t<section class=\"elementor-section elementor-top-section elementor-element elementor-element-47e6df1 elementor-section-boxed elementor-section-height-default elementor-section-height-default\" data-id=\"47e6df1\" data-element_type=\"section\">\n\t\t\t\t\t\t<div class=\"elementor-container elementor-column-gap-default\">\n\t\t\t\t\t<div class=\"elementor-column elementor-col-100 elementor-top-column elementor-element elementor-element-6bd6aeb\" data-id=\"6bd6aeb\" data-element_type=\"column\">\n\t\t\t<div class=\"elementor-widget-wrap\">\n\t\t\t\t\t\t\t\t\t<\/div>\n\t\t<\/div>\n\t\t\t\t\t\t\t<\/div>\n\t\t<\/section>\n\t\t\t\t\t\t\t<\/div>\n\t\t","protected":false},"excerpt":{"rendered":"<p>\u00c9COLE PRIMAIRE L\u2019\u00e9cole primaire Voltaire compte actuellement 10 classes de maternelle (de la PS \u00e0la GS) et 19 classes \u00e9l\u00e9mentaires (du CP au CM2). Une coordinatrice maternelle et une coordinatrice [&hellip;]<\/p>\n","protected":false},"author":1,"featured_media":0,"parent":21,"menu_order":0,"comment_status":"closed","ping_status":"closed","template":"","meta":{"om_disable_all_campaigns":false,"_mi_skip_tracking":false,"_monsterinsights_sitenote_active":false,"_monsterinsights_sitenote_note":"","_monsterinsights_sitenote_category":0},"aioseo_notices":[],"_links":{"self":[{"href":"https:\/\/svs.edu.eg\/lycee\/index.php?rest_route=\/wp\/v2\/pages\/116"}],"collection":[{"href":"https:\/\/svs.edu.eg\/lycee\/index.php?rest_route=\/wp\/v2\/pages"}],"about":[{"href":"https:\/\/svs.edu.eg\/lycee\/index.php?rest_route=\/wp\/v2\/types\/page"}],"author":[{"embeddable":true,"href":"https:\/\/svs.edu.eg\/lycee\/index.php?rest_route=\/wp\/v2\/users\/1"}],"replies":[{"embeddable":true,"href":"https:\/\/svs.edu.eg\/lycee\/index.php?rest_route=%2Fwp%2Fv2%2Fcomments&post=116"}],"version-history":[{"count":19,"href":"https:\/\/svs.edu.eg\/lycee\/index.php?rest_route=\/wp\/v2\/pages\/116\/revisions"}],"predecessor-version":[{"id":19895,"href":"https:\/\/svs.edu.eg\/lycee\/index.php?rest_route=\/wp\/v2\/pages\/116\/revisions\/19895"}],"up":[{"embeddable":true,"href":"https:\/\/svs.edu.eg\/lycee\/index.php?rest_route=\/wp\/v2\/pages\/21"}],"wp:attachment":[{"href":"https:\/\/svs.edu.eg\/lycee\/index.php?rest_route=%2Fwp%2Fv2%2Fmedia&parent=116"}],"curies":[{"name":"wp","href":"https:\/\/api.w.org\/{rel}","templated":true}]}}