{"id":493,"date":"2026-02-09T10:42:49","date_gmt":"2026-02-09T10:42:49","guid":{"rendered":"http:\/\/98.93.49.22\/?page_id=493"},"modified":"2026-05-12T07:45:40","modified_gmt":"2026-05-12T07:45:40","slug":"voltaire-school-essenital","status":"publish","type":"page","link":"https:\/\/svs.edu.eg\/?page_id=493","title":{"rendered":"Voltaire School Essenital"},"content":{"rendered":"\t\t<div data-elementor-type=\"wp-page\" data-elementor-id=\"493\" class=\"elementor elementor-493\" data-elementor-post-type=\"page\">\n\t\t\t\t<div class=\"elementor-element elementor-element-f090d23 e-grid e-con-full e-con e-parent\" data-id=\"f090d23\" data-element_type=\"container\">\n\t\t<div class=\"elementor-element elementor-element-10d6a2b e-con-full e-flex e-con e-child\" data-id=\"10d6a2b\" data-element_type=\"container\">\n\t\t<div class=\"elementor-element elementor-element-08afef9 e-con-full e-flex e-con e-child\" data-id=\"08afef9\" data-element_type=\"container\">\n\t\t\t\t<div class=\"elementor-element elementor-element-0ce3840 elementor-widget elementor-widget-heading\" data-id=\"0ce3840\" data-element_type=\"widget\" data-widget_type=\"heading.default\">\n\t\t\t\t\t<h2 class=\"elementor-heading-title elementor-size-default\">School Calendar<\/h2>\t\t\t\t<\/div>\n\t\t\t\t<div class=\"elementor-element elementor-element-11a6d01 elementor-widget-divider--view-line elementor-widget elementor-widget-divider\" data-id=\"11a6d01\" data-element_type=\"widget\" data-widget_type=\"divider.default\">\n\t\t\t\t\t\t\t<div class=\"elementor-divider\">\n\t\t\t<span class=\"elementor-divider-separator\">\n\t\t\t\t\t\t<\/span>\n\t\t<\/div>\n\t\t\t\t\t\t<\/div>\n\t\t\t\t<\/div>\n\t\t<div class=\"elementor-element elementor-element-b5b2a48 e-con-full e-flex e-con e-child\" data-id=\"b5b2a48\" data-element_type=\"container\">\n\t\t\t\t<div class=\"elementor-element elementor-element-52f3111 elementor-widget elementor-widget-image\" data-id=\"52f3111\" data-element_type=\"widget\" data-widget_type=\"image.default\">\n\t\t\t\t\t\t\t\t\t\t\t\t\t\t\t<img fetchpriority=\"high\" decoding=\"async\" width=\"640\" height=\"299\" src=\"https:\/\/svs.edu.eg\/wp-content\/uploads\/2026\/02\/814e45c5ff50557b59e1e214478a5ed87d0c005c-1.png\" class=\"attachment-large size-large wp-image-498\" alt=\"\" \/>\t\t\t\t\t\t\t\t\t\t\t\t\t\t\t<\/div>\n\t\t\t\t<div class=\"elementor-element elementor-element-8870325 elementor-widget elementor-widget-button\" data-id=\"8870325\" data-element_type=\"widget\" data-widget_type=\"button.default\">\n\t\t\t\t\t\t\t\t\t\t<a class=\"elementor-button elementor-button-link elementor-size-sm\" href=\"#\">\n\t\t\t\t\t\t<span class=\"elementor-button-content-wrapper\">\n\t\t\t\t\t\t<span class=\"elementor-button-icon\">\n\t\t\t\t<svg aria-hidden=\"true\" class=\"e-font-icon-svg e-far-arrow-alt-circle-down\" viewBox=\"0 0 512 512\" xmlns=\"http:\/\/www.w3.org\/2000\/svg\"><path d=\"M256 8C119 8 8 119 8 256s111 248 248 248 248-111 248-248S393 8 256 8zm0 448c-110.5 0-200-89.5-200-200S145.5 56 256 56s200 89.5 200 200-89.5 200-200 200zm-32-316v116h-67c-10.7 0-16 12.9-8.5 20.5l99 99c4.7 4.7 12.3 4.7 17 0l99-99c7.6-7.6 2.2-20.5-8.5-20.5h-67V140c0-6.6-5.4-12-12-12h-40c-6.6 0-12 5.4-12 12z\"><\/path><\/svg>\t\t\t<\/span>\n\t\t\t\t\t\t\t\t\t<span class=\"elementor-button-text\">Download Calendar<\/span>\n\t\t\t\t\t<\/span>\n\t\t\t\t\t<\/a>\n\t\t\t\t\t\t\t\t<\/div>\n\t\t\t\t<\/div>\n\t\t\t\t<\/div>\n\t\t<div class=\"elementor-element elementor-element-b9deef0 e-con-full e-flex e-con e-child\" data-id=\"b9deef0\" data-element_type=\"container\">\n\t\t<div class=\"elementor-element elementor-element-368464c e-con-full e-flex e-con e-child\" data-id=\"368464c\" data-element_type=\"container\">\n\t\t<div class=\"elementor-element elementor-element-57685d3 e-con-full e-flex e-con e-child\" data-id=\"57685d3\" data-element_type=\"container\">\n\t\t\t\t<div class=\"elementor-element elementor-element-24a751f elementor-widget elementor-widget-heading\" data-id=\"24a751f\" data-element_type=\"widget\" data-widget_type=\"heading.default\">\n\t\t\t\t\t<h2 class=\"elementor-heading-title elementor-size-default\">Stationary List<\/h2>\t\t\t\t<\/div>\n\t\t\t\t<div class=\"elementor-element elementor-element-ae257cc elementor-widget-divider--view-line elementor-widget elementor-widget-divider\" data-id=\"ae257cc\" data-element_type=\"widget\" data-widget_type=\"divider.default\">\n\t\t\t\t\t\t\t<div class=\"elementor-divider\">\n\t\t\t<span class=\"elementor-divider-separator\">\n\t\t\t\t\t\t<\/span>\n\t\t<\/div>\n\t\t\t\t\t\t<\/div>\n\t\t\t\t<\/div>\n\t\t<div class=\"elementor-element elementor-element-47f143d e-con-full e-flex e-con e-child\" data-id=\"47f143d\" data-element_type=\"container\">\n\t\t<div class=\"elementor-element elementor-element-c4248a2 e-con-full e-flex e-con e-child\" data-id=\"c4248a2\" data-element_type=\"container\">\n\t\t\t\t<div class=\"elementor-element elementor-element-c34c608 elementor-widget elementor-widget-image\" data-id=\"c34c608\" data-element_type=\"widget\" data-widget_type=\"image.default\">\n\t\t\t\t\t\t\t\t\t\t\t\t\t\t\t<img decoding=\"async\" width=\"291\" height=\"300\" src=\"https:\/\/svs.edu.eg\/wp-content\/uploads\/2026\/01\/Group-13413.png\" class=\"attachment-medium size-medium wp-image-419\" alt=\"\" \/>\t\t\t\t\t\t\t\t\t\t\t\t\t\t\t<\/div>\n\t\t\t\t<\/div>\n\t\t\t\t<\/div>\n\t\t<div class=\"elementor-element elementor-element-0cde913 e-grid e-con-full e-con e-child\" data-id=\"0cde913\" data-element_type=\"container\">\n\t\t<div class=\"elementor-element elementor-element-f7bf425 e-con-full e-flex e-con e-child\" data-id=\"f7bf425\" data-element_type=\"container\">\n\t\t\t\t<div class=\"elementor-element elementor-element-082c5d6 elementor-align-center elementor-widget elementor-widget-button\" data-id=\"082c5d6\" data-element_type=\"widget\" data-widget_type=\"button.default\">\n\t\t\t\t\t\t\t\t\t\t<a class=\"elementor-button elementor-button-link elementor-size-sm\" href=\"#\">\n\t\t\t\t\t\t<span class=\"elementor-button-content-wrapper\">\n\t\t\t\t\t\t\t\t\t<span class=\"elementor-button-text\">PS<\/span>\n\t\t\t\t\t<\/span>\n\t\t\t\t\t<\/a>\n\t\t\t\t\t\t\t\t<\/div>\n\t\t\t\t<\/div>\n\t\t<div class=\"elementor-element elementor-element-93a44b3 e-con-full e-flex e-con e-child\" data-id=\"93a44b3\" data-element_type=\"container\">\n\t\t\t\t<div class=\"elementor-element elementor-element-05f9e06 elementor-align-center elementor-widget elementor-widget-button\" data-id=\"05f9e06\" data-element_type=\"widget\" data-widget_type=\"button.default\">\n\t\t\t\t\t\t\t\t\t\t<a class=\"elementor-button elementor-button-link elementor-size-sm\" href=\"#\">\n\t\t\t\t\t\t<span class=\"elementor-button-content-wrapper\">\n\t\t\t\t\t\t\t\t\t<span class=\"elementor-button-text\">MS<\/span>\n\t\t\t\t\t<\/span>\n\t\t\t\t\t<\/a>\n\t\t\t\t\t\t\t\t<\/div>\n\t\t\t\t<\/div>\n\t\t<div class=\"elementor-element elementor-element-ec7a1f3 e-con-full e-flex e-con e-child\" data-id=\"ec7a1f3\" data-element_type=\"container\">\n\t\t\t\t<div class=\"elementor-element elementor-element-620f31b elementor-align-center elementor-widget elementor-widget-button\" data-id=\"620f31b\" data-element_type=\"widget\" data-widget_type=\"button.default\">\n\t\t\t\t\t\t\t\t\t\t<a class=\"elementor-button elementor-button-link elementor-size-sm\" href=\"#\">\n\t\t\t\t\t\t<span class=\"elementor-button-content-wrapper\">\n\t\t\t\t\t\t\t\t\t<span class=\"elementor-button-text\">GS<\/span>\n\t\t\t\t\t<\/span>\n\t\t\t\t\t<\/a>\n\t\t\t\t\t\t\t\t<\/div>\n\t\t\t\t<\/div>\n\t\t<div class=\"elementor-element elementor-element-f0f677b e-con-full e-flex e-con e-child\" data-id=\"f0f677b\" data-element_type=\"container\">\n\t\t\t\t<div class=\"elementor-element elementor-element-d236f40 elementor-align-center elementor-widget elementor-widget-button\" data-id=\"d236f40\" data-element_type=\"widget\" data-widget_type=\"button.default\">\n\t\t\t\t\t\t\t\t\t\t<a class=\"elementor-button elementor-button-link elementor-size-sm\" href=\"#\">\n\t\t\t\t\t\t<span class=\"elementor-button-content-wrapper\">\n\t\t\t\t\t\t\t\t\t<span class=\"elementor-button-text\">CP<\/span>\n\t\t\t\t\t<\/span>\n\t\t\t\t\t<\/a>\n\t\t\t\t\t\t\t\t<\/div>\n\t\t\t\t<\/div>\n\t\t<div class=\"elementor-element elementor-element-bd3b783 e-con-full e-flex e-con e-child\" data-id=\"bd3b783\" data-element_type=\"container\">\n\t\t\t\t<div class=\"elementor-element elementor-element-41f9735 elementor-align-center elementor-widget elementor-widget-button\" data-id=\"41f9735\" data-element_type=\"widget\" data-widget_type=\"button.default\">\n\t\t\t\t\t\t\t\t\t\t<a class=\"elementor-button elementor-button-link elementor-size-sm\" href=\"#\">\n\t\t\t\t\t\t<span class=\"elementor-button-content-wrapper\">\n\t\t\t\t\t\t\t\t\t<span class=\"elementor-button-text\">CE1<\/span>\n\t\t\t\t\t<\/span>\n\t\t\t\t\t<\/a>\n\t\t\t\t\t\t\t\t<\/div>\n\t\t\t\t<\/div>\n\t\t<div class=\"elementor-element elementor-element-c651572 e-con-full e-flex e-con e-child\" data-id=\"c651572\" data-element_type=\"container\">\n\t\t\t\t<div class=\"elementor-element elementor-element-915285a elementor-align-center elementor-widget elementor-widget-button\" data-id=\"915285a\" data-element_type=\"widget\" data-widget_type=\"button.default\">\n\t\t\t\t\t\t\t\t\t\t<a class=\"elementor-button elementor-button-link elementor-size-sm\" href=\"#\">\n\t\t\t\t\t\t<span class=\"elementor-button-content-wrapper\">\n\t\t\t\t\t\t\t\t\t<span class=\"elementor-button-text\">CE2<\/span>\n\t\t\t\t\t<\/span>\n\t\t\t\t\t<\/a>\n\t\t\t\t\t\t\t\t<\/div>\n\t\t\t\t<\/div>\n\t\t<div class=\"elementor-element elementor-element-c275f30 e-con-full e-flex e-con e-child\" data-id=\"c275f30\" data-element_type=\"container\">\n\t\t\t\t<div class=\"elementor-element elementor-element-eb7c4ff elementor-align-center elementor-widget elementor-widget-button\" data-id=\"eb7c4ff\" data-element_type=\"widget\" data-widget_type=\"button.default\">\n\t\t\t\t\t\t\t\t\t\t<a class=\"elementor-button elementor-button-link elementor-size-sm\" href=\"#\">\n\t\t\t\t\t\t<span class=\"elementor-button-content-wrapper\">\n\t\t\t\t\t\t\t\t\t<span class=\"elementor-button-text\">CM1<\/span>\n\t\t\t\t\t<\/span>\n\t\t\t\t\t<\/a>\n\t\t\t\t\t\t\t\t<\/div>\n\t\t\t\t<\/div>\n\t\t<div class=\"elementor-element elementor-element-9d08899 e-con-full e-flex e-con e-child\" data-id=\"9d08899\" data-element_type=\"container\">\n\t\t\t\t<div class=\"elementor-element elementor-element-ca0b62e elementor-align-center elementor-widget elementor-widget-button\" data-id=\"ca0b62e\" data-element_type=\"widget\" data-widget_type=\"button.default\">\n\t\t\t\t\t\t\t\t\t\t<a class=\"elementor-button elementor-button-link elementor-size-sm\" href=\"#\">\n\t\t\t\t\t\t<span class=\"elementor-button-content-wrapper\">\n\t\t\t\t\t\t\t\t\t<span class=\"elementor-button-text\">CM2<\/span>\n\t\t\t\t\t<\/span>\n\t\t\t\t\t<\/a>\n\t\t\t\t\t\t\t\t<\/div>\n\t\t\t\t<\/div>\n\t\t<div class=\"elementor-element elementor-element-79b3a1f e-con-full e-flex e-con e-child\" data-id=\"79b3a1f\" data-element_type=\"container\">\n\t\t\t\t<div class=\"elementor-element elementor-element-4a6b1bd elementor-align-center elementor-widget elementor-widget-button\" data-id=\"4a6b1bd\" data-element_type=\"widget\" data-widget_type=\"button.default\">\n\t\t\t\t\t\t\t\t\t\t<a class=\"elementor-button elementor-button-link elementor-size-sm\" href=\"#\">\n\t\t\t\t\t\t<span class=\"elementor-button-content-wrapper\">\n\t\t\t\t\t\t\t\t\t<span class=\"elementor-button-text\">Coll\u00e8ge - Lyc\u00e9e<\/span>\n\t\t\t\t\t<\/span>\n\t\t\t\t\t<\/a>\n\t\t\t\t\t\t\t\t<\/div>\n\t\t\t\t<\/div>\n\t\t\t\t<\/div>\n\t\t<div class=\"elementor-element elementor-element-dc55d55 e-con-full e-flex e-con e-child\" data-id=\"dc55d55\" data-element_type=\"container\">\n\t\t<div class=\"elementor-element elementor-element-f6eb91c e-con-full e-flex e-con e-child\" data-id=\"f6eb91c\" data-element_type=\"container\">\n\t\t\t\t<div class=\"elementor-element elementor-element-a6d570c elementor-widget elementor-widget-heading\" data-id=\"a6d570c\" data-element_type=\"widget\" data-widget_type=\"heading.default\">\n\t\t\t\t\t<h2 class=\"elementor-heading-title elementor-size-default\">Cantine scolaire<\/h2>\t\t\t\t<\/div>\n\t\t\t\t<div class=\"elementor-element elementor-element-7c65078 elementor-widget-divider--view-line elementor-widget elementor-widget-divider\" data-id=\"7c65078\" data-element_type=\"widget\" data-widget_type=\"divider.default\">\n\t\t\t\t\t\t\t<div class=\"elementor-divider\">\n\t\t\t<span class=\"elementor-divider-separator\">\n\t\t\t\t\t\t<\/span>\n\t\t<\/div>\n\t\t\t\t\t\t<\/div>\n\t\t\t\t<div class=\"elementor-element elementor-element-2c19eb3 elementor-widget elementor-widget-heading\" data-id=\"2c19eb3\" data-element_type=\"widget\" data-widget_type=\"heading.default\">\n\t\t\t\t\t<h2 class=\"elementor-heading-title elementor-size-default\"><p>Notes importantes \u00e0 consid\u00e9rer :<\/p>\n<ul>\n<li>La cantine scolaire est ouverte tous les jours pendant les heures de cours et propose diverses collations et boissons aux \u00e9l\u00e8ves et au personnel.\n<br \/><br \/><\/li>\n<li>Des repas chauds sont propos\u00e9s uniquement du CE2 (\u00ab Grade 3 \u00bb) jusqu\u2019aux classes sup\u00e9rieures.\n<\/li>\n<\/ul><\/h2>\t\t\t\t<\/div>\n\t\t\t\t<div class=\"elementor-element elementor-element-68b6ad6 elementor-widget elementor-widget-image\" data-id=\"68b6ad6\" data-element_type=\"widget\" data-widget_type=\"image.default\">\n\t\t\t\t\t\t\t\t\t\t\t\t\t\t\t<img decoding=\"async\" width=\"640\" height=\"905\" src=\"https:\/\/svs.edu.eg\/wp-content\/uploads\/2026\/01\/572bee144df9bf5f2d00dc55b0553e4a1d1482f5.jpg\" class=\"attachment-large size-large wp-image-424\" alt=\"\" \/>\t\t\t\t\t\t\t\t\t\t\t\t\t\t\t<\/div>\n\t\t\t\t<\/div>\n\t\t\t\t<\/div>\n\t\t\t\t<\/div>\n\t\t\t\t<\/div>\n\t\t\t\t<\/div>\n\t\t\t\t<\/div>\n\t\t","protected":false},"excerpt":{"rendered":"<p>School Calendar Download Calendar Stationary List PS MS GS CP CE1 CE2 CM1 CM2 Coll\u00e8ge &#8211; Lyc\u00e9e Cantine scolaire Notes importantes \u00e0 consid\u00e9rer : La cantine scolaire est ouverte tous les jours pendant les heures de cours et propose diverses collations et boissons aux \u00e9l\u00e8ves et au personnel. Des repas chauds sont propos\u00e9s uniquement du<\/p>\n","protected":false},"author":1,"featured_media":0,"parent":0,"menu_order":0,"comment_status":"closed","ping_status":"closed","template":"","meta":{"solace_meta_sidebar":"","solace_meta_container":"","solace_meta_enable_content_width":"","solace_meta_content_width":0,"solace_meta_title_alignment":"","solace_meta_author_avatar":"","solace_post_elements_order":"","solace_meta_disable_header":"","solace_meta_disable_footer":"","solace_meta_disable_title":"","footnotes":""},"class_list":["post-493","page","type-page","status-publish","hentry"],"_links":{"self":[{"href":"https:\/\/svs.edu.eg\/index.php?rest_route=\/wp\/v2\/pages\/493","targetHints":{"allow":["GET"]}}],"collection":[{"href":"https:\/\/svs.edu.eg\/index.php?rest_route=\/wp\/v2\/pages"}],"about":[{"href":"https:\/\/svs.edu.eg\/index.php?rest_route=\/wp\/v2\/types\/page"}],"author":[{"embeddable":true,"href":"https:\/\/svs.edu.eg\/index.php?rest_route=\/wp\/v2\/users\/1"}],"replies":[{"embeddable":true,"href":"https:\/\/svs.edu.eg\/index.php?rest_route=%2Fwp%2Fv2%2Fcomments&post=493"}],"version-history":[{"count":7,"href":"https:\/\/svs.edu.eg\/index.php?rest_route=\/wp\/v2\/pages\/493\/revisions"}],"predecessor-version":[{"id":971,"href":"https:\/\/svs.edu.eg\/index.php?rest_route=\/wp\/v2\/pages\/493\/revisions\/971"}],"wp:attachment":[{"href":"https:\/\/svs.edu.eg\/index.php?rest_route=%2Fwp%2Fv2%2Fmedia&parent=493"}],"curies":[{"name":"wp","href":"https:\/\/api.w.org\/{rel}","templated":true}]}}